{"id":487,"date":"2023-01-23T16:45:03","date_gmt":"2023-01-23T15:45:03","guid":{"rendered":"http:\/\/baldrake.it\/es_sito\/?page_id=487"},"modified":"2023-04-24T17:03:30","modified_gmt":"2023-04-24T15:03:30","slug":"cose-emporio-solidale-2","status":"publish","type":"page","link":"https:\/\/emporiosolidalegenova.it\/wordpress\/cose-emporio-solidale-2\/","title":{"rendered":"Chi siamo"},"content":{"rendered":"\n<div class=\"wp-block-columns is-layout-flex wp-container-core-columns-is-layout-9d6595d7 wp-block-columns-is-layout-flex\">\n<div class=\"wp-block-column is-layout-flow wp-block-column-is-layout-flow\">\n<p>L\u2019Emporio solidale di Genova apre nel 2022 come progetto dell\u2019associazione Ce.Sto Odv.<br>Si tratta di un centro polivalente di incontro, scambio, attivit\u00e0 culturali e di formazione aperto a tutto il quartiere<\/p>\n\n\n\n<p>L\u2019idea nasce nel 2019, a cura dell\u2019<a rel=\"noreferrer noopener\" href=\"https:\/\/www.anpi.it\/index.php\/eventi?area=Liguri\" target=\"_blank\">ANPI Teresa Mattei<\/a> e <a rel=\"noreferrer noopener\" href=\"https:\/\/www.genovasolidale.it\/\" target=\"_blank\">Genova Solidale<\/a>, prende consistenza nel periodo dell\u2019epidemia e rapidamente si passa da un\u2019utenza di circa 30 nuclei familiari ad un\u2019attivit\u00e0 strutturata di raccolta e distribuzione alimentare con numeri di fruitori in notevole crescita<\/p>\n\n\n\n<p>L\u2019attivit\u00e0 principale consiste nella distribuzione alimentare rivolta a famiglie del Centro storico che si trovano in difficolt\u00e0 economica, con l\u2019obiettivo di superare il puro assistenzialismo attraverso processi di crescita, valorizzazione e inclusione sociale delle persone che partecipano alle varie attivit\u00e0. Lo scambio e la solidariet\u00e0 sono la cornice di tutte le iniziative<\/p>\n\n\n\n<figure class=\"wp-block-image size-large\"><img loading=\"lazy\" decoding=\"async\" width=\"1024\" height=\"683\" src=\"https:\/\/emporiosolidalegenova.it\/wordpress\/wp-content\/uploads\/2023\/03\/ART06039-1024x683.jpg\" alt=\"\" class=\"wp-image-908\" srcset=\"https:\/\/emporiosolidalegenova.it\/wordpress\/wp-content\/uploads\/2023\/03\/ART06039-1024x683.jpg 1024w, https:\/\/emporiosolidalegenova.it\/wordpress\/wp-content\/uploads\/2023\/03\/ART06039-300x200.jpg 300w, https:\/\/emporiosolidalegenova.it\/wordpress\/wp-content\/uploads\/2023\/03\/ART06039-768x513.jpg 768w, https:\/\/emporiosolidalegenova.it\/wordpress\/wp-content\/uploads\/2023\/03\/ART06039-1536x1025.jpg 1536w, https:\/\/emporiosolidalegenova.it\/wordpress\/wp-content\/uploads\/2023\/03\/ART06039-2048x1367.jpg 2048w\" sizes=\"auto, (max-width: 1024px) 100vw, 1024px\" \/><\/figure>\n\n\n\n<p><\/p>\n\n\n\n<p><\/p>\n\n\n\n<p><\/p>\n\n\n\n<p><\/p>\n<\/div>\n\n\n\n<div class=\"wp-block-column is-layout-flow wp-block-column-is-layout-flow\">\n<p>L\u2019Emporio solidale conta su una rete di donatori, collaboratori e volontari, tra cui enti, commercianti e grandi distributori, associazioni e altre realt\u00e0 attive sul territorio<\/p>\n\n\n\n<p>E&#8217;inserito nel\u00a0<a rel=\"noreferrer noopener\" href=\"https:\/\/smart.comune.genova.it\/comunicati-stampa-articoli\/senza-dimora-ed-estreme-povert%C3%A0-urbane-approvato-il-nuovo-patto-di\" target=\"_blank\">Patto di Sussidiariet\u00e0\u00a0<\/a>per il\u00a0<a rel=\"noreferrer noopener\" href=\"https:\/\/www.sestieredelmolo.org\/\" target=\"_blank\">Nuovo Sestiere del Molo<\/a>, gode di un grande numero di volontari attivi, della presenza al suo interno del servizio del <a rel=\"noreferrer noopener\" href=\"https:\/\/www.ilcesto.org\/\" target=\"_blank\">Centro di Ascolto<\/a> e del supporto della cooperativa il <a rel=\"noreferrer noopener\" href=\"https:\/\/www.ilcesto.org\/\" target=\"_blank\"><a rel=\"noreferrer noopener\" href=\"https:\/\/www.ilcesto.org\/\" target=\"_blank\">Ce.Sto Coop<\/a><\/a> che ha fornito motore e struttura al progetto diventato in poco tempo un Community Hub molto attivo nel Centro Storico Sestiere del Molo. <\/p>\n\n\n\n<p>L\u2019Emporio offre una vera e propria azione di comunit\u00e0, creando una rete sociale tra i soggetti promotori.<br><br>Fornisce una risposta concreta alle famiglie in difficolt\u00e0, partendo dall\u2019impegno a preservare la dignit\u00e0 delle persone e ponendo al centro il loro rilancio ed il loro inserimento nella comunit\u00e0 e nel Sestiere, \u00e8 una piccola Comunit\u00e0 al servizio della Comunit\u00e0.<\/p>\n\n\n\n<div class=\"wp-block-buttons is-layout-flex wp-block-buttons-is-layout-flex\">\n<div class=\"wp-block-button\"><a class=\"wp-block-button__link has-background wp-element-button\" href=\"https:\/\/emporiosolidalegenova.it\/wordpress\/centro-dascolto\/\" style=\"background-color:#e31f29\"><strong>Centro di Ascolto<\/strong><\/a><\/div>\n<\/div>\n\n\n\n<p><\/p>\n<\/div>\n<\/div>\n\n\n\n<p><\/p>\n","protected":false},"excerpt":{"rendered":"<p>L\u2019Emporio solidale di Genova apre nel 2022 come progetto dell\u2019associazione Ce.Sto Odv.Si tratta di un centro polivalente di incontro, scambio, attivit\u00e0 culturali e di formazione aperto a tutto il quartiere L\u2019idea nasce nel 2019, a cura dell\u2019ANPI Teresa Mattei e Genova Solidale, prende consistenza nel periodo dell\u2019epidemia e rapidamente si passa da un\u2019utenza di circa [&hellip;]<\/p>\n","protected":false},"author":1,"featured_media":0,"parent":0,"menu_order":0,"comment_status":"closed","ping_status":"closed","template":"","meta":{"ngg_post_thumbnail":0,"footnotes":""},"class_list":["post-487","page","type-page","status-publish","hentry"],"_links":{"self":[{"href":"https:\/\/emporiosolidalegenova.it\/wordpress\/wp-json\/wp\/v2\/pages\/487","targetHints":{"allow":["GET"]}}],"collection":[{"href":"https:\/\/emporiosolidalegenova.it\/wordpress\/wp-json\/wp\/v2\/pages"}],"about":[{"href":"https:\/\/emporiosolidalegenova.it\/wordpress\/wp-json\/wp\/v2\/types\/page"}],"author":[{"embeddable":true,"href":"https:\/\/emporiosolidalegenova.it\/wordpress\/wp-json\/wp\/v2\/users\/1"}],"replies":[{"embeddable":true,"href":"https:\/\/emporiosolidalegenova.it\/wordpress\/wp-json\/wp\/v2\/comments?post=487"}],"version-history":[{"count":20,"href":"https:\/\/emporiosolidalegenova.it\/wordpress\/wp-json\/wp\/v2\/pages\/487\/revisions"}],"predecessor-version":[{"id":1347,"href":"https:\/\/emporiosolidalegenova.it\/wordpress\/wp-json\/wp\/v2\/pages\/487\/revisions\/1347"}],"wp:attachment":[{"href":"https:\/\/emporiosolidalegenova.it\/wordpress\/wp-json\/wp\/v2\/media?parent=487"}],"curies":[{"name":"wp","href":"https:\/\/api.w.org\/{rel}","templated":true}]}}