{"id":365,"date":"2023-01-16T14:09:05","date_gmt":"2023-01-16T13:09:05","guid":{"rendered":"http:\/\/baldrake.it\/es_sito\/?page_id=365"},"modified":"2023-04-24T17:08:57","modified_gmt":"2023-04-24T15:08:57","slug":"centro-dascolto","status":"publish","type":"page","link":"https:\/\/emporiosolidalegenova.it\/wordpress\/centro-dascolto\/","title":{"rendered":"Centro di Ascolto"},"content":{"rendered":"\n<div class=\"wp-block-columns is-layout-flex wp-container-core-columns-is-layout-9d6595d7 wp-block-columns-is-layout-flex\">\n<div class=\"wp-block-column is-layout-flow wp-block-column-is-layout-flow\">\n<p>SERVIZI CENTRO D\u2019ASCOLTO<\/p>\n\n\n\n<p>Il centro d\u2019ascolto, nato nel periodo di pre-pandemia, \u00e8 cresciuto giorno dopo giorno, aumentando i servizi all&#8217;utenza e avendo un numero di accessi sempre in aumento.<\/p>\n\n\n\n<p>I servizi di cui si occupa sono diversi e vanno a coprire diversi ambiti.<\/p>\n\n\n\n<p>&#8211; ORIENTAMENTO AL LAVORO: riceviamo le persone e ascoltiamo le loro esigenze attuali e future e accogliamo le loro richieste. Ci facciamo raccontare le loro esperienze lavorative pregresse e attuali e capire come intervenire. Uno dei principali e iniziali interventi \u00e8 revisionare e aggiornare il cv, iscrizione al CPI di zona, iscrizione a garanzia giovani per gli under 29, iscrizione a Formazione Lavoro, principale sito della regione Liguria per annunci di lavoro, eventuale iscrizione ad agenzie interinali, iscrizione ad eventuali corsi di formazioni (sia finanziati che privati), matching tra privato ed utente.<\/p>\n\n\n\n<figure class=\"wp-block-image size-large\"><img loading=\"lazy\" decoding=\"async\" width=\"1024\" height=\"683\" src=\"https:\/\/emporiosolidalegenova.it\/wordpress\/wp-content\/uploads\/2023\/04\/CENTRO-ASCOLTO-1024x683.jpg\" alt=\"\" class=\"wp-image-1318\" srcset=\"https:\/\/emporiosolidalegenova.it\/wordpress\/wp-content\/uploads\/2023\/04\/CENTRO-ASCOLTO-1024x683.jpg 1024w, https:\/\/emporiosolidalegenova.it\/wordpress\/wp-content\/uploads\/2023\/04\/CENTRO-ASCOLTO-300x200.jpg 300w, https:\/\/emporiosolidalegenova.it\/wordpress\/wp-content\/uploads\/2023\/04\/CENTRO-ASCOLTO-768x513.jpg 768w, https:\/\/emporiosolidalegenova.it\/wordpress\/wp-content\/uploads\/2023\/04\/CENTRO-ASCOLTO-1536x1025.jpg 1536w, https:\/\/emporiosolidalegenova.it\/wordpress\/wp-content\/uploads\/2023\/04\/CENTRO-ASCOLTO-2048x1367.jpg 2048w\" sizes=\"auto, (max-width: 1024px) 100vw, 1024px\" \/><\/figure>\n<\/div>\n\n\n\n<div class=\"wp-block-column is-layout-flow wp-block-column-is-layout-flow\">\n<p>&#8211; PROGETTO EX DETENUTI:<\/p>\n\n\n\n<p>    \u2022  Orientamento al lavoro (anche attraverso l&#8217;eventuale attivazione di borse lavoro).<\/p>\n\n\n\n<p>    \u2022  Sostegno psicologico e accompagnamento al reinserimento sociale.<\/p>\n\n\n\n<p>-SOSTEGNO PSICOLOGICO: \u00e8 a disposizione per gli utenti che si rivolgono a noi la possibilit\u00e0 di avere un aiuto psicologico, anche sul lungo termine.<\/p>\n\n\n\n<p>    \u2022 Sosteniamo e promuoviamo il progetto GAMEOVERAZZARDO.ORG realizzato da MA.RIS., Comunit\u00e0 San Benedetto al porto e CEIS Genova.<\/p>\n\n\n\n<p>&#8211; AIUTO CONCRETO AI SERVIZI DEL CITTADINO: molti nostri utenti si rivolgono a noi perch\u00e8 poco consapevoli di quello che il territorio pu\u00f2 offrire loro o perch\u00e9 hanno una scarsa conoscenza degli aiuti sociali di cui potrebbero usufruire. Interveniamo in base alle necessit\u00e0 nell&#8217;indirizzare l&#8217;utente verso il servizio che possa soddisfare le sue esigenze.<\/p>\n\n\n\n<p>Ci siamo per esempio rivolti diverse volte all&#8217;Agenzia Sociale per la Casa, agli assistenti sociali dei vari distretti, alla Asl3. E poi aiuto nella ricerca di una casa a canone ridotto, supporto nella richiesta dei buoni spesa, supporto per la richiesta di misure di sostegno al reddito. Lavoriamo inoltre in rete con Citt\u00e0 Aperta, ANPI, SPI CGIL, Avvocati di strada<\/p>\n\n\n\n<p>&#8211; ASSISTENZA A RINNOVO E COMPILAZIONE DOCUMENTI: cambio di residenza e rinnovo documenti personali, compilazione FILSE, iscrizione alle scuole statali di ogni ordine e grado.<\/p>\n\n\n\n<p>&#8211; AREA MIGRANTI: la maggior parte dell&#8217;utenza straniera che si rivolge a noi \u00e8 in un percorso di richiesta asilo o ha appena ottenuto i documenti; spesso aiutiamo loro attraverso l&#8217;orientamento al lavoro o attraverso un percorso appuntamento per rinnovo permesso di soggiorno, prima consulenza<\/p>\n\n\n\n<div class=\"wp-block-buttons is-layout-flex wp-block-buttons-is-layout-flex\">\n<div class=\"wp-block-button\"><a class=\"wp-block-button__link has-background wp-element-button\" href=\"https:\/\/emporiosolidalegenova.it\/wordpress\/cose-emporio-solidale-2\/\" style=\"background-color:#e31f29\"><strong>Chi siamo<\/strong><\/a><\/div>\n<\/div>\n<\/div>\n<\/div>\n\n\n\n<p><\/p>\n\n\n\n<div class=\"wp-block-buttons is-layout-flex wp-block-buttons-is-layout-flex\"><\/div>\n","protected":false},"excerpt":{"rendered":"<p>SERVIZI CENTRO D\u2019ASCOLTO Il centro d\u2019ascolto, nato nel periodo di pre-pandemia, \u00e8 cresciuto giorno dopo giorno, aumentando i servizi all&#8217;utenza e avendo un numero di accessi sempre in aumento. I servizi di cui si occupa sono diversi e vanno a coprire diversi ambiti. &#8211; ORIENTAMENTO AL LAVORO: riceviamo le persone e ascoltiamo le loro esigenze [&hellip;]<\/p>\n","protected":false},"author":1,"featured_media":0,"parent":0,"menu_order":0,"comment_status":"closed","ping_status":"closed","template":"","meta":{"ngg_post_thumbnail":0,"footnotes":""},"class_list":["post-365","page","type-page","status-publish","hentry"],"_links":{"self":[{"href":"https:\/\/emporiosolidalegenova.it\/wordpress\/wp-json\/wp\/v2\/pages\/365","targetHints":{"allow":["GET"]}}],"collection":[{"href":"https:\/\/emporiosolidalegenova.it\/wordpress\/wp-json\/wp\/v2\/pages"}],"about":[{"href":"https:\/\/emporiosolidalegenova.it\/wordpress\/wp-json\/wp\/v2\/types\/page"}],"author":[{"embeddable":true,"href":"https:\/\/emporiosolidalegenova.it\/wordpress\/wp-json\/wp\/v2\/users\/1"}],"replies":[{"embeddable":true,"href":"https:\/\/emporiosolidalegenova.it\/wordpress\/wp-json\/wp\/v2\/comments?post=365"}],"version-history":[{"count":7,"href":"https:\/\/emporiosolidalegenova.it\/wordpress\/wp-json\/wp\/v2\/pages\/365\/revisions"}],"predecessor-version":[{"id":1350,"href":"https:\/\/emporiosolidalegenova.it\/wordpress\/wp-json\/wp\/v2\/pages\/365\/revisions\/1350"}],"wp:attachment":[{"href":"https:\/\/emporiosolidalegenova.it\/wordpress\/wp-json\/wp\/v2\/media?parent=365"}],"curies":[{"name":"wp","href":"https:\/\/api.w.org\/{rel}","templated":true}]}}