{"id":1354,"date":"2023-04-24T17:31:31","date_gmt":"2023-04-24T15:31:31","guid":{"rendered":"http:\/\/emporiosolidalegenova.it\/wordpress\/?page_id=1354"},"modified":"2024-11-15T17:52:28","modified_gmt":"2024-11-15T16:52:28","slug":"servizi","status":"publish","type":"page","link":"https:\/\/emporiosolidalegenova.it\/wordpress\/servizi\/","title":{"rendered":"Attivit\u00e0"},"content":{"rendered":"\n<h2 class=\"wp-block-heading\">Raccolte<\/h2>\n\n\n\n<div class=\"wp-block-columns is-layout-flex wp-container-core-columns-is-layout-9d6595d7 wp-block-columns-is-layout-flex\">\n<div class=\"wp-block-column is-layout-flow wp-block-column-is-layout-flow\">\n<p>L\u2019Emporio si rifornisce principalmente attraverso:<br><\/p>\n\n\n\n<ul class=\"wp-block-list\">\n<li>Sostegno della rete Banco Alimentare, AGEA, Ricibo, etc.<\/li>\n\n\n\n<li>Raccolte alimentari e di generi vari. Un lavoro molto importante dei volontari \u00e8 sia creare i contatti che permettono di organizzare le raccolte (alimentari, igiene personale e per la casa, abiti, etc) sia organizzare le raccolte stesse, a cadenza regolare, presso <a href=\"https:\/\/emporiosolidalegenova.it\/wordpress\/2024\/10\/13\/raccolte-alimentari-maggio-2024\/\" target=\"_blank\" rel=\"noreferrer noopener\">supermercati<\/a>, aziende, che donano all\u2019emporio&nbsp;eccedenze, prodotti in scadenza, prodotti non pi\u00f9 vendibili sul mercato (es. confezioni danneggiate).<\/li>\n\n\n\n<li>Persone o rete di cittadini e associazioni che sostengono economicamente il progetto:\n<ul class=\"wp-block-list\">\n<li>adottando uno scaffale, facendo si che un determinato prodotto sia sempre disponibile all\u2019interno dell\u2019Emporio grazie al loro contributo,<\/li>\n\n\n\n<li>organizzando raccolte di generi vari.<\/li>\n<\/ul>\n<\/li>\n\n\n\n<li>Associazioni possono organizzare corsi, laboratori, occasioni di svago, socializzazione e cultura, alimentando cos\u00ec lo \u201cscaffale relazionale\u201d o organizzando attivit\u00e0 promozionali e di raccolta fondi per l\u2019Emporio.<\/li>\n<\/ul>\n<\/div>\n\n\n\n<div class=\"wp-block-column is-layout-flow wp-block-column-is-layout-flow\">\n<figure class=\"wp-block-image size-large\"><img loading=\"lazy\" decoding=\"async\" width=\"1024\" height=\"768\" src=\"https:\/\/emporiosolidalegenova.it\/wordpress\/wp-content\/uploads\/2023\/04\/20230227_131530-1024x768.jpg\" alt=\"\" class=\"wp-image-1538\" srcset=\"https:\/\/emporiosolidalegenova.it\/wordpress\/wp-content\/uploads\/2023\/04\/20230227_131530-1024x768.jpg 1024w, https:\/\/emporiosolidalegenova.it\/wordpress\/wp-content\/uploads\/2023\/04\/20230227_131530-300x225.jpg 300w, https:\/\/emporiosolidalegenova.it\/wordpress\/wp-content\/uploads\/2023\/04\/20230227_131530-768x576.jpg 768w, https:\/\/emporiosolidalegenova.it\/wordpress\/wp-content\/uploads\/2023\/04\/20230227_131530-1536x1152.jpg 1536w, https:\/\/emporiosolidalegenova.it\/wordpress\/wp-content\/uploads\/2023\/04\/20230227_131530-2048x1536.jpg 2048w\" sizes=\"auto, (max-width: 1024px) 100vw, 1024px\" \/><\/figure>\n\n\n\n<ul class=\"wp-block-list\">\n<li>Qualora necessario vengono acquistati piccoli approvvigionamenti di cibo per colmare le richieste che le raccolte di cui sopra non riescono a garantire.<br><\/li>\n<\/ul>\n<\/div>\n<\/div>\n\n\n\n<h2 class=\"wp-block-heading\">Distribuzioni<\/h2>\n\n\n\n<div class=\"wp-block-columns is-layout-flex wp-container-core-columns-is-layout-9d6595d7 wp-block-columns-is-layout-flex\">\n<div class=\"wp-block-column is-layout-flow wp-block-column-is-layout-flow\">\n<figure class=\"wp-block-image size-large\"><img loading=\"lazy\" decoding=\"async\" width=\"1024\" height=\"768\" src=\"https:\/\/emporiosolidalegenova.it\/wordpress\/wp-content\/uploads\/2023\/04\/20230124_105250-1024x768.jpg\" alt=\"\" class=\"wp-image-1540\" srcset=\"https:\/\/emporiosolidalegenova.it\/wordpress\/wp-content\/uploads\/2023\/04\/20230124_105250-1024x768.jpg 1024w, https:\/\/emporiosolidalegenova.it\/wordpress\/wp-content\/uploads\/2023\/04\/20230124_105250-300x225.jpg 300w, https:\/\/emporiosolidalegenova.it\/wordpress\/wp-content\/uploads\/2023\/04\/20230124_105250-768x576.jpg 768w, https:\/\/emporiosolidalegenova.it\/wordpress\/wp-content\/uploads\/2023\/04\/20230124_105250-1536x1152.jpg 1536w, https:\/\/emporiosolidalegenova.it\/wordpress\/wp-content\/uploads\/2023\/04\/20230124_105250-2048x1536.jpg 2048w\" sizes=\"auto, (max-width: 1024px) 100vw, 1024px\" \/><\/figure>\n<\/div>\n\n\n\n<div class=\"wp-block-column is-layout-flow wp-block-column-is-layout-flow\">\n<p>La distribuzione dei pacchi alimentari avviene mensilmente per gli abitanti del Centro Storico (Pre, Molo, Maddalena).<br>I fruitori aventi diritto vengono contattati telefonicamente.<br>Dato il gran numero di nuclei familiari seguiti la distribuzione \u00e8 suddivisa in 2 giorni: <\/p>\n\n\n\n<ul class=\"wp-block-list\">\n<li>nel pomeriggio del venerd\u00ec <\/li>\n\n\n\n<li>la mattina del sabato successivo.<\/li>\n<\/ul>\n\n\n\n<p>L&#8217;entit\u00e0 del pacco \u00e8 proporzionata alla numerosit\u00e0 del nucleo familiare.<\/p>\n\n\n\n<p>Il pacchi contengono soprattutto generi alimentari di prima necessit\u00e0, a seconda delle disponibilit\u00e0 possono contenere inoltre articoli per l&#8217;igiene personale e cibo per cani e gatti.<br>Un banco di vestiti e accessori usati \u00e8 sempre a disposizione durante le distribuzioni.<\/p>\n<\/div>\n<\/div>\n\n\n\n<h2 class=\"wp-block-heading\">Attivit\u00e0 per tutti<\/h2>\n\n\n\n<div class=\"wp-block-columns is-layout-flex wp-container-core-columns-is-layout-9d6595d7 wp-block-columns-is-layout-flex\">\n<div class=\"wp-block-column is-layout-flow wp-block-column-is-layout-flow\">\n<p>Le attivit\u00e0 dell\u2019emporio sono aperte a tutti: volontari, fruitori, abitanti del Centro Storico.<\/p>\n\n\n\n<p>Le diverse attivit\u00e0 dell\u2019emporio, gratuite per i fruitori, sono a pagamento per chi non ha bisogno di aiuto e costituiscono una piccola risorsa per coprire le spese.<\/p>\n\n\n\n<p>Il modello sperimentale di Emporio offre ai fruitori continuativi la possibilit\u00e0 di stipulare un patto di impegno a svolgere due ore settimanali di attivit\u00e0 lavorativa o ricreativa in cambio di punti che, accumulati su una tessera, possono essere \u201cspesi\u201d all\u2019interno dell\u2019Emporio stesso.<\/p>\n\n\n\n<figure class=\"wp-block-image size-large\"><img loading=\"lazy\" decoding=\"async\" width=\"1024\" height=\"683\" src=\"https:\/\/emporiosolidalegenova.it\/wordpress\/wp-content\/uploads\/2023\/03\/ART_7003-1-1024x683.jpg\" alt=\"\" class=\"wp-image-940\" srcset=\"https:\/\/emporiosolidalegenova.it\/wordpress\/wp-content\/uploads\/2023\/03\/ART_7003-1-1024x683.jpg 1024w, https:\/\/emporiosolidalegenova.it\/wordpress\/wp-content\/uploads\/2023\/03\/ART_7003-1-300x200.jpg 300w, https:\/\/emporiosolidalegenova.it\/wordpress\/wp-content\/uploads\/2023\/03\/ART_7003-1-768x513.jpg 768w, https:\/\/emporiosolidalegenova.it\/wordpress\/wp-content\/uploads\/2023\/03\/ART_7003-1-1536x1025.jpg 1536w, https:\/\/emporiosolidalegenova.it\/wordpress\/wp-content\/uploads\/2023\/03\/ART_7003-1-2048x1367.jpg 2048w\" sizes=\"auto, (max-width: 1024px) 100vw, 1024px\" \/><\/figure>\n\n\n\n<ul class=\"wp-block-list\">\n<li><a rel=\"noreferrer noopener\" href=\"https:\/\/emporiosolidalegenova.it\/wordpress\/wp-content\/uploads\/2023\/03\/Italiano.pdf\" target=\"_blank\">Corsi di italiano<\/a><\/li>\n<\/ul>\n\n\n\n<p>U<em>na signora iscritta al corso di italiano, residente in Italia da 16 anni, alla domanda della sua insegnante: \u201cCome mai hai deciso di iscriverti a questo corso?\u201d, rispondeva: \u201cVorrei poter andare dal medico da sola\u201d. Ecco il senso dei corsi di italiano di Emporio Solidale: accogliere chi sta ai margini della nostra comunit\u00e0, fornendogli alcuni strumenti per capire e farsi capire. Gli insegnanti, tutti appassionati volontari, partono dall\u2019alfabetizzazione di base per spingersi verso semplici nozioni di grammatica e sintassi, ma il fulcro di ogni lezione \u00e8 la conversazione, portata avanti ricostruendo situazioni tipo della vita di tutti i giorni.<\/em><\/p>\n<\/div>\n\n\n\n<div class=\"wp-block-column is-layout-flow wp-block-column-is-layout-flow\">\n<ul class=\"wp-block-list\">\n<li><a rel=\"noreferrer noopener\" href=\"https:\/\/emporiosolidalegenova.it\/wordpress\/wp-content\/uploads\/2023\/04\/scheda-INGLESE.pdf\" target=\"_blank\">Corsi di lingua inglese<\/a><\/li>\n\n\n\n<li><a href=\"https:\/\/emporiosolidalegenova.it\/wordpress\/wp-content\/uploads\/2023\/05\/scheda-LETTURE.pdf\" target=\"_blank\" rel=\"noreferrer noopener\">Letture in lingua <\/a><br><\/li>\n\n\n\n<li><a rel=\"noreferrer noopener\" href=\"https:\/\/emporiosolidalegenova.it\/wordpress\/wp-content\/uploads\/2023\/04\/scheda-INFORMATICA.pdf\" target=\"_blank\">Informatica<\/a><br><\/li>\n\n\n\n<li><a rel=\"noreferrer noopener\" href=\"https:\/\/emporiosolidalegenova.it\/wordpress\/wp-content\/uploads\/2023\/04\/scheda-RACCOLTE-ALIMENTARI.pdf\" target=\"_blank\">Raccolte e distribuzione di generi alimentari<\/a><br><\/li>\n\n\n\n<li><a href=\"https:\/\/emporiosolidalegenova.it\/wordpress\/wp-content\/uploads\/2023\/05\/Sartoria-2022-2023-bis.pdf\" target=\"_blank\" rel=\"noreferrer noopener\">Sartoria solidale<\/a><br><\/li>\n\n\n\n<li><a rel=\"noreferrer noopener\" href=\"https:\/\/emporiosolidalegenova.it\/wordpress\/wp-content\/uploads\/2023\/04\/scheda-GIARDINAGGIO.pdf\" target=\"_blank\">Giardinaggio e manutenzione del verde pubblico<\/a><br><\/li>\n\n\n\n<li><a rel=\"noreferrer noopener\" href=\"https:\/\/emporiosolidalegenova.it\/wordpress\/wp-content\/uploads\/2023\/04\/scheda-GINNASTICA.pdf\" target=\"_blank\">Ginnastica<\/a><br><\/li>\n\n\n\n<li><a href=\"https:\/\/emporiosolidalegenova.it\/wordpress\/wp-content\/uploads\/2023\/04\/scheda-YOGA.pdf\" target=\"_blank\" rel=\"noreferrer noopener\">Yoga<\/a><\/li>\n\n\n\n<li><a href=\"https:\/\/emporiosolidalegenova.it\/wordpress\/wp-content\/uploads\/2024\/03\/SCHEDA-YOGA-DELLA-RISATA.pdf\" target=\"_blank\" rel=\"noreferrer noopener\">Yoga della risata<\/a><br><\/li>\n\n\n\n<li><a href=\"https:\/\/emporiosolidalegenova.it\/wordpress\/wp-content\/uploads\/2023\/04\/scheda-YIN-YOGA.pdf\" target=\"_blank\" rel=\"noreferrer noopener\">Yin Yoga<\/a><\/li>\n\n\n\n<li><a href=\"https:\/\/emporiosolidalegenova.it\/wordpress\/wp-content\/uploads\/2024\/05\/QI-GONG.pdf\" target=\"_blank\" rel=\"noreferrer noopener\">QI GONG<\/a><br><\/li>\n\n\n\n<li><a rel=\"noreferrer noopener\" href=\"https:\/\/emporiosolidalegenova.it\/wordpress\/wp-content\/uploads\/2023\/04\/scheda-SHIATSU.pdf\" target=\"_blank\">Trattamenti Shiatsu<\/a> <br><\/li>\n\n\n\n<li><a rel=\"noreferrer noopener\" href=\"https:\/\/emporiosolidalegenova.it\/wordpress\/wp-content\/uploads\/2023\/04\/scheda-POLO-FRESCO.pdf\" target=\"_blank\">Polo del fresco &#8211; Cibo al centro<\/a><br><\/li>\n\n\n\n<li>Emporio solidale propone un ricco <a href=\"https:\/\/emporiosolidalegenova.it\/wordpress\/progetti-ed-eventi\/\">calendario <\/a>con attivit\u00e0 culturali, incontri, proiezione film, feste, cene sociali, anche in collaborazione con altre associazioni. Se avete proposte o idee contattateci<br><\/li>\n\n\n\n<li>Educazione alimentare ed etica del cibo scheda in preparazione <br><\/li>\n<\/ul>\n\n\n\n<figure class=\"wp-block-image size-large\"><img loading=\"lazy\" decoding=\"async\" width=\"1024\" height=\"768\" src=\"https:\/\/emporiosolidalegenova.it\/wordpress\/wp-content\/uploads\/2023\/04\/20220526_150202-1024x768.jpg\" alt=\"\" class=\"wp-image-1541\" srcset=\"https:\/\/emporiosolidalegenova.it\/wordpress\/wp-content\/uploads\/2023\/04\/20220526_150202-1024x768.jpg 1024w, https:\/\/emporiosolidalegenova.it\/wordpress\/wp-content\/uploads\/2023\/04\/20220526_150202-300x225.jpg 300w, https:\/\/emporiosolidalegenova.it\/wordpress\/wp-content\/uploads\/2023\/04\/20220526_150202-768x576.jpg 768w, https:\/\/emporiosolidalegenova.it\/wordpress\/wp-content\/uploads\/2023\/04\/20220526_150202-1536x1152.jpg 1536w, https:\/\/emporiosolidalegenova.it\/wordpress\/wp-content\/uploads\/2023\/04\/20220526_150202-2048x1536.jpg 2048w\" sizes=\"auto, (max-width: 1024px) 100vw, 1024px\" \/><\/figure>\n\n\n\n<p>L\u2019Emporio ha a sua volta messo in connessione altre attivit\u00e0 del Ce.Sto:<\/p>\n\n\n\n<ul class=\"wp-block-list\">\n<li><a rel=\"noreferrer noopener\" href=\"https:\/\/emporiosolidalegenova.it\/wordpress\/wp-content\/uploads\/2023\/04\/scheda-ITALIANO-GhettUp.pdf\" target=\"_blank\">la scuola Ghettup per i corsi di italiano<\/a><br><\/li>\n\n\n\n<li>le attivit\u00e0 di inserimento lavorativo e formazione del Laboratorio Artigiano Sociale e cura del verde de il <a rel=\"noreferrer noopener\" href=\"https:\/\/www.facebook.com\/CooperativaIlCeSto\/?locale=it_IT\" target=\"_blank\">Ce.Sto coop.<\/a><br><\/li>\n\n\n\n<li>l\u2019esperienza nel volontariato e nei <a href=\"https:\/\/www.politichegiovanili.gov.it\/\" target=\"_blank\" rel=\"noreferrer noopener\">servizi socialmente utili<\/a>.<\/li>\n<\/ul>\n<\/div>\n<\/div>\n","protected":false},"excerpt":{"rendered":"<p>Raccolte L\u2019Emporio si rifornisce principalmente attraverso: Distribuzioni La distribuzione dei pacchi alimentari avviene mensilmente per gli abitanti del Centro Storico (Pre, Molo, Maddalena).I fruitori aventi diritto vengono contattati telefonicamente.Dato il gran numero di nuclei familiari seguiti la distribuzione \u00e8 suddivisa in 2 giorni: L&#8217;entit\u00e0 del pacco \u00e8 proporzionata alla numerosit\u00e0 del nucleo familiare. Il pacchi [&hellip;]<\/p>\n","protected":false},"author":1,"featured_media":0,"parent":0,"menu_order":0,"comment_status":"closed","ping_status":"closed","template":"","meta":{"ngg_post_thumbnail":0,"footnotes":""},"class_list":["post-1354","page","type-page","status-publish","hentry"],"_links":{"self":[{"href":"https:\/\/emporiosolidalegenova.it\/wordpress\/wp-json\/wp\/v2\/pages\/1354","targetHints":{"allow":["GET"]}}],"collection":[{"href":"https:\/\/emporiosolidalegenova.it\/wordpress\/wp-json\/wp\/v2\/pages"}],"about":[{"href":"https:\/\/emporiosolidalegenova.it\/wordpress\/wp-json\/wp\/v2\/types\/page"}],"author":[{"embeddable":true,"href":"https:\/\/emporiosolidalegenova.it\/wordpress\/wp-json\/wp\/v2\/users\/1"}],"replies":[{"embeddable":true,"href":"https:\/\/emporiosolidalegenova.it\/wordpress\/wp-json\/wp\/v2\/comments?post=1354"}],"version-history":[{"count":40,"href":"https:\/\/emporiosolidalegenova.it\/wordpress\/wp-json\/wp\/v2\/pages\/1354\/revisions"}],"predecessor-version":[{"id":78764,"href":"https:\/\/emporiosolidalegenova.it\/wordpress\/wp-json\/wp\/v2\/pages\/1354\/revisions\/78764"}],"wp:attachment":[{"href":"https:\/\/emporiosolidalegenova.it\/wordpress\/wp-json\/wp\/v2\/media?parent=1354"}],"curies":[{"name":"wp","href":"https:\/\/api.w.org\/{rel}","templated":true}]}}